{"id":920,"date":"2025-08-10T14:51:46","date_gmt":"2025-08-10T12:51:46","guid":{"rendered":"https:\/\/modularkraft.com\/?page_id=920"},"modified":"2026-02-06T15:54:46","modified_gmt":"2026-02-06T13:54:46","slug":"nous_contacter","status":"publish","type":"page","link":"https:\/\/modularkraft.com\/en\/nous_contacter\/","title":{"rendered":"Nous contacter"},"content":{"rendered":"<div data-elementor-type=\"wp-page\" data-elementor-id=\"920\" class=\"elementor elementor-920\">\n\t\t\t\t\t\t<section class=\"elementor-section elementor-top-section elementor-element elementor-element-0466ea5 ct-section-stretched elementor-section-boxed elementor-section-height-default elementor-section-height-default\" data-id=\"0466ea5\" data-element_type=\"section\" data-e-type=\"section\" data-settings=\"{&quot;background_background&quot;:&quot;classic&quot;}\">\n\t\t\t\t\t\t<div class=\"elementor-container elementor-column-gap-default\">\n\t\t\t\t\t<div class=\"elementor-column elementor-col-100 elementor-top-column elementor-element elementor-element-c0fc7c2\" data-id=\"c0fc7c2\" data-element_type=\"column\" data-e-type=\"column\">\n\t\t\t<div class=\"elementor-widget-wrap elementor-element-populated\">\n\t\t\t\t\t\t<div class=\"elementor-element elementor-element-0aaa3b9 elementor-widget elementor-widget-heading\" data-id=\"0aaa3b9\" data-element_type=\"widget\" data-e-type=\"widget\" data-widget_type=\"heading.default\">\n\t\t\t\t<div class=\"elementor-widget-container\">\n\t\t\t\t\t<h1 class=\"elementor-heading-title elementor-size-default\">Nous contacter<\/h1>\t\t\t\t<\/div>\n\t\t\t\t<\/div>\n\t\t\t\t\t<\/div>\n\t\t<\/div>\n\t\t\t\t\t<\/div>\n\t\t<\/section>\n\t\t\t\t<section class=\"elementor-section elementor-top-section elementor-element elementor-element-59020a0 elementor-reverse-tablet elementor-reverse-mobile ct-section-stretched elementor-section-boxed elementor-section-height-default elementor-section-height-default\" data-id=\"59020a0\" data-element_type=\"section\" data-e-type=\"section\">\n\t\t\t\t\t\t<div class=\"elementor-container elementor-column-gap-wide\">\n\t\t\t\t\t<div class=\"elementor-column elementor-col-100 elementor-top-column elementor-element elementor-element-0eedf86\" data-id=\"0eedf86\" data-element_type=\"column\" data-e-type=\"column\">\n\t\t\t<div class=\"elementor-widget-wrap elementor-element-populated\">\n\t\t\t\t\t\t<div class=\"elementor-element elementor-element-3f44fad elementor-widget elementor-widget-heading\" data-id=\"3f44fad\" data-element_type=\"widget\" data-e-type=\"widget\" data-widget_type=\"heading.default\">\n\t\t\t\t<div class=\"elementor-widget-container\">\n\t\t\t\t\t<h1 class=\"elementor-heading-title elementor-size-default\">Une question, une id\u00e9e ou un souci ? <\/h1>\t\t\t\t<\/div>\n\t\t\t\t<\/div>\n\t\t\t\t<div class=\"elementor-element elementor-element-c62dcf6 elementor-widget-divider--view-line elementor-widget elementor-widget-divider\" data-id=\"c62dcf6\" data-element_type=\"widget\" data-e-type=\"widget\" data-widget_type=\"divider.default\">\n\t\t\t\t<div class=\"elementor-widget-container\">\n\t\t\t\t\t\t\t<div class=\"elementor-divider\">\n\t\t\t<span class=\"elementor-divider-separator\">\n\t\t\t\t\t\t<\/span>\n\t\t<\/div>\n\t\t\t\t\t\t<\/div>\n\t\t\t\t<\/div>\n\t\t\t\t<div class=\"elementor-element elementor-element-525fdaf elementor-widget elementor-widget-wpforms\" data-id=\"525fdaf\" data-element_type=\"widget\" data-e-type=\"widget\" data-widget_type=\"wpforms.default\">\n\t\t\t\t<div class=\"elementor-widget-container\">\n\t\t\t\t\t<div class=\"wpforms-container wpforms-render-modern\" id=\"wpforms-506\"><form id=\"wpforms-form-506\" class=\"wpforms-validate wpforms-form wpforms-ajax-form\" data-formid=\"506\" method=\"post\" enctype=\"multipart\/form-data\" action=\"\/en\/wp-json\/wp\/v2\/pages\/920\" data-token=\"29a39b5d406747bfea2b8fd5a02d1f98\" data-token-time=\"1775571378\" data-trp-original-action=\"\/en\/wp-json\/wp\/v2\/pages\/920\"><noscript class=\"wpforms-error-noscript\">Please enable JavaScript in your browser to complete this form.<\/noscript><div id=\"wpforms-error-noscript\" style=\"display: none;\">Please enable JavaScript in your browser to complete this form.<\/div><div class=\"wpforms-field-container\"><div id=\"wpforms-506-field_4-container\" class=\"wpforms-field wpforms-field-name\" data-field-id=\"4\"><fieldset><legend class=\"wpforms-field-label\">Nom <span class=\"wpforms-required-label\" aria-hidden=\"true\">*<\/span><\/legend><div class=\"wpforms-field-row wpforms-field-large\"><div class=\"wpforms-field-row-block wpforms-first wpforms-one-half\"><input type=\"text\" id=\"wpforms-506-field_4\" class=\"wpforms-field-name-first wpforms-field-required\" name=\"wpforms[fields][4][first]\" aria-errormessage=\"wpforms-506-field_4-error\" required><label for=\"wpforms-506-field_4\" class=\"wpforms-field-sublabel after\">First<\/label><\/div><div class=\"wpforms-field-row-block wpforms-one-half\"><input type=\"text\" id=\"wpforms-506-field_4-last\" class=\"wpforms-field-name-last wpforms-field-required\" name=\"wpforms[fields][4][last]\" aria-errormessage=\"wpforms-506-field_4-last-error\" required><label for=\"wpforms-506-field_4-last\" class=\"wpforms-field-sublabel after\">Last<\/label><\/div><\/div><\/fieldset><\/div>\t\t<div id=\"wpforms-506-field_1-container\"\n\t\t\tclass=\"wpforms-field wpforms-field-text\"\n\t\t\tdata-field-type=\"text\"\n\t\t\tdata-field-id=\"1\"\n\t\t\t>\n\t\t\t<label class=\"wpforms-field-label\" for=\"wpforms-506-field_1\" >Sujet E-mail Nom<\/label>\n\t\t\t<input type=\"text\" id=\"wpforms-506-field_1\" class=\"wpforms-field-medium\" name=\"wpforms[fields][1]\" >\n\t\t<\/div>\n\t\t<div id=\"wpforms-506-field_5-container\" class=\"wpforms-field wpforms-field-email\" data-field-id=\"5\"><label class=\"wpforms-field-label\" for=\"wpforms-506-field_5\">E-mail <span class=\"wpforms-required-label\" aria-hidden=\"true\">*<\/span><\/label><input type=\"email\" id=\"wpforms-506-field_5\" class=\"wpforms-field-large wpforms-field-required\" name=\"wpforms[fields][5]\" spellcheck=\"false\" aria-errormessage=\"wpforms-506-field_5-error\" required><\/div><div id=\"wpforms-506-field_7-container\" class=\"wpforms-field wpforms-field-text\" data-field-id=\"7\"><label class=\"wpforms-field-label\" for=\"wpforms-506-field_7\">Sujet<\/label><input type=\"text\" id=\"wpforms-506-field_7\" class=\"wpforms-field-large\" name=\"wpforms[fields][7]\" aria-errormessage=\"wpforms-506-field_7-error\" ><\/div><div id=\"wpforms-506-field_8-container\" class=\"wpforms-field wpforms-field-textarea\" data-field-id=\"8\"><label class=\"wpforms-field-label\" for=\"wpforms-506-field_8\">Votre message<\/label><textarea id=\"wpforms-506-field_8\" class=\"wpforms-field-large\" name=\"wpforms[fields][8]\" aria-errormessage=\"wpforms-506-field_8-error\" ><\/textarea><\/div><script>\n\t\t\t\t( function() {\n\t\t\t\t\tconst style = document.createElement( 'style' );\n\t\t\t\t\tstyle.appendChild( document.createTextNode( '#wpforms-506-field_1-container { position: absolute !important; overflow: hidden !important; display: inline !important; height: 1px !important; width: 1px !important; z-index: -1000 !important; padding: 0 !important; } #wpforms-506-field_1-container input { visibility: hidden; } #wpforms-conversational-form-page #wpforms-506-field_1-container label { counter-increment: none; }' ) );\n\t\t\t\t\tdocument.head.appendChild( style );\n\t\t\t\t\tdocument.currentScript?.remove();\n\t\t\t\t} )();\n\t\t\t<\/script><\/div><!-- .wpforms-field-container --><div class=\"wpforms-submit-container\" ><input type=\"hidden\" name=\"wpforms[id]\" value=\"506\"><input type=\"hidden\" name=\"page_title\" value=\"\"><input type=\"hidden\" name=\"page_url\" value=\"https:\/\/modularkraft.com\/en\/wp-json\/wp\/v2\/pages\/920\"><input type=\"hidden\" name=\"url_referer\" value=\"\"><button type=\"submit\" name=\"wpforms[submit]\" id=\"wpforms-submit-506\" class=\"wpforms-submit\" data-alt-text=\"Envoi en cours...\" data-submit-text=\"Envoyer\" aria-live=\"assertive\" value=\"wpforms-submit\">Envoyer<\/button><img decoding=\"async\" src=\"https:\/\/modularkraft.com\/wp-content\/plugins\/wpforms-lite\/assets\/images\/submit-spin.svg\" class=\"wpforms-submit-spinner\" style=\"display: none;\" width=\"26\" height=\"26\" alt=\"Loading\"><\/div><input type=\"hidden\" name=\"trp-form-language\" value=\"en\"\/><\/form><\/div>  <!-- .wpforms-container -->\t\t\t\t<\/div>\n\t\t\t\t<\/div>\n\t\t\t\t\t<\/div>\n\t\t<\/div>\n\t\t\t\t\t<\/div>\n\t\t<\/section>\n\t\t\t\t<\/div>","protected":false},"excerpt":{"rendered":"<p>Massa sed elementum tempus egestas sed sed risus. Risus at ultrices mi tempus imperdiet nulla malesuada pellentesque elit.<\/p>","protected":false},"author":1,"featured_media":0,"parent":0,"menu_order":0,"comment_status":"closed","ping_status":"closed","template":"","meta":{"footnotes":""},"class_list":["post-920","page","type-page","status-publish","hentry"],"blocksy_meta":{"page_title_panel":"","has_hero_section":"disabled","6774d2922b2e043009dd0369630c6648":"","hero_section":"type-2","hero_alignment1":"left","hero_alignment2":"center","hero_height":{"0":"500px","1":"500px","2":"500px","3":"500px","4":"500px","desktop":"600px","tablet":"500px","mobile":"400px","__changed":["tablet","tablet","mobile","mobile"]},"page_title_bg_type":"custom_image","custom_hero_background":{"attachment_id":228,"url":"https:\/\/startersites.io\/elementor\/modern-shop\/wp-content\/uploads\/2020\/03\/ashley-knedler-Pf5Pj7A5ddA-unsplash-1024x422.jpg"},"parallax":{"desktop":true,"tablet":false,"mobile":false},"6b74a569d6954c8dde2fe0e3330a3d07":"","single_meta_elements":{"author":false,"date":false,"categories":false,"comments":false,"updated":false,"tags":false},"has_meta_label":"yes","has_meta_avatar":"yes","date_format_source":"custom","single_meta_date_format":"M j, Y","b97b3b35a921898a5a649956dd3ef2c9":"","page_excerpt_visibility":{"desktop":true,"tablet":true,"mobile":true},"pageTitleFont":{"family":"Default","variation":"n9","size":{"desktop":"55px","tablet":"40px","mobile":"30px","__changed":["tablet","tablet","mobile","mobile","mobile"]},"line-height":"1.3","letter-spacing":"CT_CSS_SKIP_RULE","text-transform":"CT_CSS_SKIP_RULE","text-decoration":"CT_CSS_SKIP_RULE"},"pageTitleFontColor":{"default":{"color":"CT_CSS_SKIP_RULEDEFAULT"}},"pageMetaFont":{"family":"Default","variation":"n6","size":{"desktop":"12px","tablet":"12px","mobile":"12px"},"line-height":"1.3","letter-spacing":"CT_CSS_SKIP_RULE","text-transform":"uppercase","text-decoration":"CT_CSS_SKIP_RULE"},"pageMetaFontColor":{"default":{"color":"CT_CSS_SKIP_RULEDEFAULT"},"hover":{"color":"CT_CSS_SKIP_RULEDEFAULT"}},"pageExcerptFont":{"family":"Default","variation":"n5","size":"CT_CSS_SKIP_RULE","line-height":"CT_CSS_SKIP_RULE","letter-spacing":"CT_CSS_SKIP_RULE","text-transform":"CT_CSS_SKIP_RULE","text-decoration":"CT_CSS_SKIP_RULE"},"pageExcerptColor":{"default":{"color":"CT_CSS_SKIP_RULEDEFAULT"}},"pageTitleOverlay":{"default":{"color":"CT_CSS_SKIP_RULE"}},"pageTitleBackground":{"background_type":"color","background_pattern":"type-1","background_image":{"attachment_id":null,"x":0,"y":0},"background_repeat":"no-repeat","background_size":"auto","background_attachment":"scroll","patternColor":{"default":{"color":"#e5e7ea"}},"backgroundColor":{"default":{"color":"#EDEFF2"}},"default":{"color":"#edeff2"}},"e9c08d358e8061a13c6703914fc3e107":"","page_structure_type":"default","page_enable_vertical_spacing":"yes","37e2e5405a48b6dcb367458103437801":"","disable_featured_image":"no","5a23f5815557fff3b572a1ff51bc4447":"","6d18f3e1ac54c9cd1e3e09c3f4dedc8c":"","b11ba8cda6e4bad1311d96230b11a88a":"","1292d792724cdd47c48bd6e6b2e81566":"","ae2e39a6f1a394fbe333e5ca05e5bfb9":"","b025400c48fbaec82191e6798433add3":"","1ea904d02bce5589e5973cd0e6215a6d":"","af31de1a48854c5746ce4378b7f4b10c":"","aa0594d089a317f833967ec6c78ba836":"","8de4197d97c9487ce3f5018fbd54c81e":"","25f8cf7144e44cf269774b333f6c2343":"","c80e3da369fc9e2454430a6d146a31c8":"","23baab15e83c8d7083e2769a437a4768":"","3b5108b2aa7ad8a9428e511d430a3fbe":"","670381c96849f0626bfb58ac79a38931":"","efc6e89b572992af985a906e0b0677c7":"","hero_elements":[{"id":"custom_title","enabled":true,"heading_tag":"h1","title":"Home"},{"id":"custom_description","enabled":true,"description_visibility":{"desktop":true,"tablet":true,"mobile":false}},{"id":"custom_meta","enabled":false,"meta_elements":[{"id":"author","enabled":true,"label":"By","has_author_avatar":"yes","avatar_size":25},{"id":"post_date","enabled":true,"label":"On","date_format_source":"default","date_format":"M j, Y"},{"id":"comments","enabled":true}],"page_meta_elements":{"joined":true,"articles_count":true,"comments":true}},{"id":"breadcrumbs","enabled":false}],"9f21be5163e55bd032bea22f195ff20e":"","hero_vertical_alignment":"center","hero_structure":"narrow","breadcrumbsFont":{"family":"Default","variation":"n6","size":"12px","line-height":"CT_CSS_SKIP_RULE","letter-spacing":"CT_CSS_SKIP_RULE","text-transform":"uppercase","text-decoration":"CT_CSS_SKIP_RULE"},"breadcrumbsFontColor":{"default":{"color":"CT_CSS_SKIP_RULEDEFAULT"},"initial":{"color":"CT_CSS_SKIP_RULEDEFAULT"},"hover":{"color":"CT_CSS_SKIP_RULEDEFAULT"}},"96d5a5dade1ac81fdc2f23e8c7cb5b1f":"","content_style":"inherit","vertical_spacing_source":"custom","content_area_spacing":"none","background":{"background_type":"color","background_pattern":"type-1","background_image":{"attachment_id":null,"x":0,"y":0},"background_repeat":"no-repeat","background_size":"auto","background_attachment":"scroll","patternColor":{"default":{"color":"#e5e7ea"}},"backgroundColor":{"default":{"color":"CT_CSS_SKIP_RULE"}}},"content_background":{"background_type":"color","background_pattern":"type-1","background_image":{"attachment_id":null,"x":0,"y":0},"background_repeat":"no-repeat","background_size":"auto","background_attachment":"scroll","patternColor":{"default":{"color":"#e5e7ea"}},"backgroundColor":{"default":{"color":"#ffffff"}}},"content_boxed_spacing":{"desktop":"40px","tablet":"35px","mobile":"20px"},"content_boxed_radius":{"top":"3px","bottom":"3px","left":"3px","right":"3px","linked":true},"content_boxed_shadow":{"blur":18,"spread":-6,"v_offset":12,"h_offset":0,"inset":false,"enable":true,"color":{"color":"rgba(34, 56, 101, 0.04)"}},"4bdd9d5997a1f0298d97c2c762f3e2af":"","d780ec6ce909dd8e59a960d0a26ab4c7":"","db7716d397d76637263ec6a3062d99f5":"","6fe45d801239fa686eb3a5a59830a196":"","4b0189eec5ad97685a72ec47b45589b8":"","styles_descriptor":{"styles":{"desktop":"","tablet":"","mobile":""},"google_fonts":[],"version":6}},"yoast_head":"<!-- This site is optimized with the Yoast SEO plugin v26.9 - https:\/\/yoast.com\/product\/yoast-seo-wordpress\/ -->\n<title>Nous contacter - modularKraft<\/title>\n<meta name=\"robots\" content=\"index, follow, max-snippet:-1, max-image-preview:large, max-video-preview:-1\" \/>\n<link rel=\"canonical\" href=\"https:\/\/modularkraft.com\/en\/nous_contacter\/\" \/>\n<meta property=\"og:locale\" content=\"en_US\" \/>\n<meta property=\"og:type\" content=\"article\" \/>\n<meta property=\"og:title\" content=\"Nous contacter - modularKraft\" \/>\n<meta property=\"og:description\" content=\"Massa sed elementum tempus egestas sed sed risus. Risus at ultrices mi tempus imperdiet nulla malesuada pellentesque elit.\" \/>\n<meta property=\"og:url\" content=\"https:\/\/modularkraft.com\/en\/nous_contacter\/\" \/>\n<meta property=\"og:site_name\" content=\"modularKraft\" \/>\n<meta property=\"article:modified_time\" content=\"2026-02-06T13:54:46+00:00\" \/>\n<meta property=\"og:image\" content=\"https:\/\/modularkraft.com\/wp-content\/plugins\/wpforms-lite\/assets\/images\/submit-spin.svg\" \/>\n<meta name=\"twitter:card\" content=\"summary_large_image\" \/>\n<meta name=\"twitter:label1\" content=\"Est. reading time\" \/>\n\t<meta name=\"twitter:data1\" content=\"1 minute\" \/>\n<script type=\"application\/ld+json\" class=\"yoast-schema-graph\">{\"@context\":\"https:\/\/schema.org\",\"@graph\":[{\"@type\":\"WebPage\",\"@id\":\"https:\/\/modularkraft.com\/nous_contacter\/\",\"url\":\"https:\/\/modularkraft.com\/nous_contacter\/\",\"name\":\"Nous contacter - modularKraft\",\"isPartOf\":{\"@id\":\"https:\/\/modularkraft.com\/#website\"},\"primaryImageOfPage\":{\"@id\":\"https:\/\/modularkraft.com\/nous_contacter\/#primaryimage\"},\"image\":{\"@id\":\"https:\/\/modularkraft.com\/nous_contacter\/#primaryimage\"},\"thumbnailUrl\":\"https:\/\/modularkraft.com\/wp-content\/plugins\/wpforms-lite\/assets\/images\/submit-spin.svg\",\"datePublished\":\"2025-08-10T12:51:46+00:00\",\"dateModified\":\"2026-02-06T13:54:46+00:00\",\"breadcrumb\":{\"@id\":\"https:\/\/modularkraft.com\/nous_contacter\/#breadcrumb\"},\"inLanguage\":\"en-US\",\"potentialAction\":[{\"@type\":\"ReadAction\",\"target\":[\"https:\/\/modularkraft.com\/nous_contacter\/\"]}]},{\"@type\":\"ImageObject\",\"inLanguage\":\"en-US\",\"@id\":\"https:\/\/modularkraft.com\/nous_contacter\/#primaryimage\",\"url\":\"https:\/\/modularkraft.com\/wp-content\/plugins\/wpforms-lite\/assets\/images\/submit-spin.svg\",\"contentUrl\":\"https:\/\/modularkraft.com\/wp-content\/plugins\/wpforms-lite\/assets\/images\/submit-spin.svg\"},{\"@type\":\"BreadcrumbList\",\"@id\":\"https:\/\/modularkraft.com\/nous_contacter\/#breadcrumb\",\"itemListElement\":[{\"@type\":\"ListItem\",\"position\":1,\"name\":\"Accueil\",\"item\":\"https:\/\/modularkraft.com\/\"},{\"@type\":\"ListItem\",\"position\":2,\"name\":\"Nous contacter\"}]},{\"@type\":\"WebSite\",\"@id\":\"https:\/\/modularkraft.com\/#website\",\"url\":\"https:\/\/modularkraft.com\/\",\"name\":\"modularKraft\",\"description\":\"Fa\u00e7onner le son, lib\u00e9rer la cr\u00e9ativit\u00e9\",\"publisher\":{\"@id\":\"https:\/\/modularkraft.com\/#organization\"},\"potentialAction\":[{\"@type\":\"SearchAction\",\"target\":{\"@type\":\"EntryPoint\",\"urlTemplate\":\"https:\/\/modularkraft.com\/?s={search_term_string}\"},\"query-input\":{\"@type\":\"PropertyValueSpecification\",\"valueRequired\":true,\"valueName\":\"search_term_string\"}}],\"inLanguage\":\"en-US\"},{\"@type\":\"Organization\",\"@id\":\"https:\/\/modularkraft.com\/#organization\",\"name\":\"modularKraft\",\"url\":\"https:\/\/modularkraft.com\/\",\"logo\":{\"@type\":\"ImageObject\",\"inLanguage\":\"en-US\",\"@id\":\"https:\/\/modularkraft.com\/#\/schema\/logo\/image\/\",\"url\":\"https:\/\/modularkraft.com\/wp-content\/uploads\/2025\/10\/PP_Instagram_11.png\",\"contentUrl\":\"https:\/\/modularkraft.com\/wp-content\/uploads\/2025\/10\/PP_Instagram_11.png\",\"width\":400,\"height\":200,\"caption\":\"modularKraft\"},\"image\":{\"@id\":\"https:\/\/modularkraft.com\/#\/schema\/logo\/image\/\"}}]}<\/script>\n<!-- \/ Yoast SEO plugin. -->","yoast_head_json":{"title":"Nous contacter - modularKraft","robots":{"index":"index","follow":"follow","max-snippet":"max-snippet:-1","max-image-preview":"max-image-preview:large","max-video-preview":"max-video-preview:-1"},"canonical":"https:\/\/modularkraft.com\/en\/nous_contacter\/","og_locale":"en_US","og_type":"article","og_title":"Nous contacter - modularKraft","og_description":"Massa sed elementum tempus egestas sed sed risus. Risus at ultrices mi tempus imperdiet nulla malesuada pellentesque elit.","og_url":"https:\/\/modularkraft.com\/en\/nous_contacter\/","og_site_name":"modularKraft","article_modified_time":"2026-02-06T13:54:46+00:00","og_image":[{"url":"https:\/\/modularkraft.com\/wp-content\/plugins\/wpforms-lite\/assets\/images\/submit-spin.svg","type":"","width":"","height":""}],"twitter_card":"summary_large_image","twitter_misc":{"Est. reading time":"1 minute"},"schema":{"@context":"https:\/\/schema.org","@graph":[{"@type":"WebPage","@id":"https:\/\/modularkraft.com\/nous_contacter\/","url":"https:\/\/modularkraft.com\/nous_contacter\/","name":"Nous contacter - modularKraft","isPartOf":{"@id":"https:\/\/modularkraft.com\/#website"},"primaryImageOfPage":{"@id":"https:\/\/modularkraft.com\/nous_contacter\/#primaryimage"},"image":{"@id":"https:\/\/modularkraft.com\/nous_contacter\/#primaryimage"},"thumbnailUrl":"https:\/\/modularkraft.com\/wp-content\/plugins\/wpforms-lite\/assets\/images\/submit-spin.svg","datePublished":"2025-08-10T12:51:46+00:00","dateModified":"2026-02-06T13:54:46+00:00","breadcrumb":{"@id":"https:\/\/modularkraft.com\/nous_contacter\/#breadcrumb"},"inLanguage":"en-US","potentialAction":[{"@type":"ReadAction","target":["https:\/\/modularkraft.com\/nous_contacter\/"]}]},{"@type":"ImageObject","inLanguage":"en-US","@id":"https:\/\/modularkraft.com\/nous_contacter\/#primaryimage","url":"https:\/\/modularkraft.com\/wp-content\/plugins\/wpforms-lite\/assets\/images\/submit-spin.svg","contentUrl":"https:\/\/modularkraft.com\/wp-content\/plugins\/wpforms-lite\/assets\/images\/submit-spin.svg"},{"@type":"BreadcrumbList","@id":"https:\/\/modularkraft.com\/nous_contacter\/#breadcrumb","itemListElement":[{"@type":"ListItem","position":1,"name":"Accueil","item":"https:\/\/modularkraft.com\/"},{"@type":"ListItem","position":2,"name":"Nous contacter"}]},{"@type":"WebSite","@id":"https:\/\/modularkraft.com\/#website","url":"https:\/\/modularkraft.com\/","name":"modularKraft","description":"Fa\u00e7onner le son, lib\u00e9rer la cr\u00e9ativit\u00e9","publisher":{"@id":"https:\/\/modularkraft.com\/#organization"},"potentialAction":[{"@type":"SearchAction","target":{"@type":"EntryPoint","urlTemplate":"https:\/\/modularkraft.com\/?s={search_term_string}"},"query-input":{"@type":"PropertyValueSpecification","valueRequired":true,"valueName":"search_term_string"}}],"inLanguage":"en-US"},{"@type":"Organization","@id":"https:\/\/modularkraft.com\/#organization","name":"modularKraft","url":"https:\/\/modularkraft.com\/","logo":{"@type":"ImageObject","inLanguage":"en-US","@id":"https:\/\/modularkraft.com\/#\/schema\/logo\/image\/","url":"https:\/\/modularkraft.com\/wp-content\/uploads\/2025\/10\/PP_Instagram_11.png","contentUrl":"https:\/\/modularkraft.com\/wp-content\/uploads\/2025\/10\/PP_Instagram_11.png","width":400,"height":200,"caption":"modularKraft"},"image":{"@id":"https:\/\/modularkraft.com\/#\/schema\/logo\/image\/"}}]}},"_links":{"self":[{"href":"https:\/\/modularkraft.com\/en\/wp-json\/wp\/v2\/pages\/920","targetHints":{"allow":["GET"]}}],"collection":[{"href":"https:\/\/modularkraft.com\/en\/wp-json\/wp\/v2\/pages"}],"about":[{"href":"https:\/\/modularkraft.com\/en\/wp-json\/wp\/v2\/types\/page"}],"author":[{"embeddable":true,"href":"https:\/\/modularkraft.com\/en\/wp-json\/wp\/v2\/users\/1"}],"replies":[{"embeddable":true,"href":"https:\/\/modularkraft.com\/en\/wp-json\/wp\/v2\/comments?post=920"}],"version-history":[{"count":19,"href":"https:\/\/modularkraft.com\/en\/wp-json\/wp\/v2\/pages\/920\/revisions"}],"predecessor-version":[{"id":1301,"href":"https:\/\/modularkraft.com\/en\/wp-json\/wp\/v2\/pages\/920\/revisions\/1301"}],"wp:attachment":[{"href":"https:\/\/modularkraft.com\/en\/wp-json\/wp\/v2\/media?parent=920"}],"curies":[{"name":"wp","href":"https:\/\/api.w.org\/{rel}","templated":true}]}}