{"id":20,"date":"2020-03-13T08:06:47","date_gmt":"2020-03-13T08:06:47","guid":{"rendered":"https:\/\/startersites.io\/blocksy\/modern-shop\/my-account\/"},"modified":"2025-08-10T13:59:08","modified_gmt":"2025-08-10T11:59:08","slug":"mon_compte","status":"publish","type":"page","link":"https:\/\/modularkraft.com\/en\/mon_compte\/","title":{"rendered":"My Compte"},"content":{"rendered":"<div class=\"woocommerce ct-woo-unauthorized\"><\/div>","protected":false},"excerpt":{"rendered":"","protected":false},"author":1,"featured_media":0,"parent":0,"menu_order":0,"comment_status":"closed","ping_status":"closed","template":"","meta":{"footnotes":""},"class_list":["post-20","page","type-page","status-publish","hentry"],"blocksy_meta":{"page_title_panel":"","has_hero_section":"default","4c0c9788bb25a1d555fe8de109e8d147":"","hero_section":"type-2","hero_alignment1":"left","hero_alignment2":"center","hero_height":"230px","page_title_bg_type":"color","custom_hero_background":{"attachment_id":null},"parallax":{"desktop":false,"tablet":false,"mobile":false},"c3f1ad4f1b7d721fe30e1014f39bba28":"","single_meta_elements":{"author":false,"date":false,"categories":false,"comments":false,"updated":false,"tags":false},"has_meta_label":"yes","has_meta_avatar":"yes","date_format_source":"custom","single_meta_date_format":"M j, Y","a6960cd1ab963222111836f680e5d6d3":"","page_excerpt_visibility":{"desktop":true,"tablet":true,"mobile":false},"pageTitleFont":{"family":"Default","variation":"Default","size":{"desktop":"32px","tablet":"30px","mobile":"25px"},"line-height":"1.3","letter-spacing":"CT_CSS_SKIP_RULE","text-transform":"CT_CSS_SKIP_RULE","text-decoration":"CT_CSS_SKIP_RULE"},"pageTitleFontColor":{"default":{"color":"CT_CSS_SKIP_RULEDEFAULT"}},"pageMetaFont":{"family":"Default","variation":"n6","size":{"desktop":"12px","tablet":"12px","mobile":"12px"},"line-height":"1.3","letter-spacing":"CT_CSS_SKIP_RULE","text-transform":"uppercase","text-decoration":"CT_CSS_SKIP_RULE"},"pageMetaFontColor":{"default":{"color":"CT_CSS_SKIP_RULEDEFAULT"},"hover":{"color":"CT_CSS_SKIP_RULEDEFAULT"}},"pageExcerptFont":{"family":"Default","variation":"n5","size":"CT_CSS_SKIP_RULE","line-height":"CT_CSS_SKIP_RULE","letter-spacing":"CT_CSS_SKIP_RULE","text-transform":"CT_CSS_SKIP_RULE","text-decoration":"CT_CSS_SKIP_RULE"},"pageExcerptColor":{"default":{"color":"CT_CSS_SKIP_RULEDEFAULT"}},"pageTitleOverlay":{"default":{"color":"rgba(41, 51, 60, 0.2)"}},"pageTitleBackground":{"default":{"color":"#EDEFF2"}},"2af030565dc65cac79ac17c3e8451cca":"","page_structure_type":"default","page_enable_vertical_spacing":"yes","0f44139692655362a7441da26c9f0dba":"","disable_featured_image":"no","205f1dbc8c7bc566b0b70479d908eb57":"","fee3d039fd291492a4425253ff62ed73":"","30eb694de8a7c33cf7e7ec1e26e254ae":"","5ad6366ed3d794e69b6922995f5e4f16":"","d6a32e6e981a918486e5f345489757c0":"","styles_descriptor":{"styles":{"desktop":"","tablet":"","mobile":""},"google_fonts":[],"version":6}},"yoast_head":"<!-- This site is optimized with the Yoast SEO plugin v26.9 - https:\/\/yoast.com\/product\/yoast-seo-wordpress\/ -->\n<title>Mon compte - modularKraft<\/title>\n<meta name=\"robots\" content=\"index, follow, max-snippet:-1, max-image-preview:large, max-video-preview:-1\" \/>\n<link rel=\"canonical\" href=\"https:\/\/modularkraft.com\/en\/mon_compte\/\" \/>\n<meta property=\"og:locale\" content=\"en_US\" \/>\n<meta property=\"og:type\" content=\"article\" \/>\n<meta property=\"og:title\" content=\"Mon compte - modularKraft\" \/>\n<meta property=\"og:url\" content=\"https:\/\/modularkraft.com\/en\/mon_compte\/\" \/>\n<meta property=\"og:site_name\" content=\"modularKraft\" \/>\n<meta property=\"article:modified_time\" content=\"2025-08-10T11:59:08+00:00\" \/>\n<meta name=\"twitter:card\" content=\"summary_large_image\" \/>\n<meta name=\"twitter:label1\" content=\"Est. reading time\" \/>\n\t<meta name=\"twitter:data1\" content=\"1 minute\" \/>\n<script type=\"application\/ld+json\" class=\"yoast-schema-graph\">{\"@context\":\"https:\/\/schema.org\",\"@graph\":[{\"@type\":\"WebPage\",\"@id\":\"https:\/\/modularkraft.com\/mon_compte\/\",\"url\":\"https:\/\/modularkraft.com\/mon_compte\/\",\"name\":\"Mon compte - modularKraft\",\"isPartOf\":{\"@id\":\"https:\/\/modularkraft.com\/#website\"},\"datePublished\":\"2020-03-13T08:06:47+00:00\",\"dateModified\":\"2025-08-10T11:59:08+00:00\",\"breadcrumb\":{\"@id\":\"https:\/\/modularkraft.com\/mon_compte\/#breadcrumb\"},\"inLanguage\":\"en-US\",\"potentialAction\":[{\"@type\":\"ReadAction\",\"target\":[\"https:\/\/modularkraft.com\/mon_compte\/\"]}]},{\"@type\":\"BreadcrumbList\",\"@id\":\"https:\/\/modularkraft.com\/mon_compte\/#breadcrumb\",\"itemListElement\":[{\"@type\":\"ListItem\",\"position\":1,\"name\":\"Accueil\",\"item\":\"https:\/\/modularkraft.com\/\"},{\"@type\":\"ListItem\",\"position\":2,\"name\":\"Mon compte\"}]},{\"@type\":\"WebSite\",\"@id\":\"https:\/\/modularkraft.com\/#website\",\"url\":\"https:\/\/modularkraft.com\/\",\"name\":\"modularKraft\",\"description\":\"Fa\u00e7onner le son, lib\u00e9rer la cr\u00e9ativit\u00e9\",\"publisher\":{\"@id\":\"https:\/\/modularkraft.com\/#organization\"},\"potentialAction\":[{\"@type\":\"SearchAction\",\"target\":{\"@type\":\"EntryPoint\",\"urlTemplate\":\"https:\/\/modularkraft.com\/?s={search_term_string}\"},\"query-input\":{\"@type\":\"PropertyValueSpecification\",\"valueRequired\":true,\"valueName\":\"search_term_string\"}}],\"inLanguage\":\"en-US\"},{\"@type\":\"Organization\",\"@id\":\"https:\/\/modularkraft.com\/#organization\",\"name\":\"modularKraft\",\"url\":\"https:\/\/modularkraft.com\/\",\"logo\":{\"@type\":\"ImageObject\",\"inLanguage\":\"en-US\",\"@id\":\"https:\/\/modularkraft.com\/#\/schema\/logo\/image\/\",\"url\":\"https:\/\/modularkraft.com\/wp-content\/uploads\/2025\/10\/PP_Instagram_11.png\",\"contentUrl\":\"https:\/\/modularkraft.com\/wp-content\/uploads\/2025\/10\/PP_Instagram_11.png\",\"width\":400,\"height\":200,\"caption\":\"modularKraft\"},\"image\":{\"@id\":\"https:\/\/modularkraft.com\/#\/schema\/logo\/image\/\"}}]}<\/script>\n<!-- \/ Yoast SEO plugin. -->","yoast_head_json":{"title":"Mon compte - modularKraft","robots":{"index":"index","follow":"follow","max-snippet":"max-snippet:-1","max-image-preview":"max-image-preview:large","max-video-preview":"max-video-preview:-1"},"canonical":"https:\/\/modularkraft.com\/en\/mon_compte\/","og_locale":"en_US","og_type":"article","og_title":"Mon compte - modularKraft","og_url":"https:\/\/modularkraft.com\/en\/mon_compte\/","og_site_name":"modularKraft","article_modified_time":"2025-08-10T11:59:08+00:00","twitter_card":"summary_large_image","twitter_misc":{"Est. reading time":"1 minute"},"schema":{"@context":"https:\/\/schema.org","@graph":[{"@type":"WebPage","@id":"https:\/\/modularkraft.com\/mon_compte\/","url":"https:\/\/modularkraft.com\/mon_compte\/","name":"Mon compte - modularKraft","isPartOf":{"@id":"https:\/\/modularkraft.com\/#website"},"datePublished":"2020-03-13T08:06:47+00:00","dateModified":"2025-08-10T11:59:08+00:00","breadcrumb":{"@id":"https:\/\/modularkraft.com\/mon_compte\/#breadcrumb"},"inLanguage":"en-US","potentialAction":[{"@type":"ReadAction","target":["https:\/\/modularkraft.com\/mon_compte\/"]}]},{"@type":"BreadcrumbList","@id":"https:\/\/modularkraft.com\/mon_compte\/#breadcrumb","itemListElement":[{"@type":"ListItem","position":1,"name":"Accueil","item":"https:\/\/modularkraft.com\/"},{"@type":"ListItem","position":2,"name":"Mon compte"}]},{"@type":"WebSite","@id":"https:\/\/modularkraft.com\/#website","url":"https:\/\/modularkraft.com\/","name":"modularKraft","description":"Fa\u00e7onner le son, lib\u00e9rer la cr\u00e9ativit\u00e9","publisher":{"@id":"https:\/\/modularkraft.com\/#organization"},"potentialAction":[{"@type":"SearchAction","target":{"@type":"EntryPoint","urlTemplate":"https:\/\/modularkraft.com\/?s={search_term_string}"},"query-input":{"@type":"PropertyValueSpecification","valueRequired":true,"valueName":"search_term_string"}}],"inLanguage":"en-US"},{"@type":"Organization","@id":"https:\/\/modularkraft.com\/#organization","name":"modularKraft","url":"https:\/\/modularkraft.com\/","logo":{"@type":"ImageObject","inLanguage":"en-US","@id":"https:\/\/modularkraft.com\/#\/schema\/logo\/image\/","url":"https:\/\/modularkraft.com\/wp-content\/uploads\/2025\/10\/PP_Instagram_11.png","contentUrl":"https:\/\/modularkraft.com\/wp-content\/uploads\/2025\/10\/PP_Instagram_11.png","width":400,"height":200,"caption":"modularKraft"},"image":{"@id":"https:\/\/modularkraft.com\/#\/schema\/logo\/image\/"}}]}},"_links":{"self":[{"href":"https:\/\/modularkraft.com\/en\/wp-json\/wp\/v2\/pages\/20","targetHints":{"allow":["GET"]}}],"collection":[{"href":"https:\/\/modularkraft.com\/en\/wp-json\/wp\/v2\/pages"}],"about":[{"href":"https:\/\/modularkraft.com\/en\/wp-json\/wp\/v2\/types\/page"}],"author":[{"embeddable":true,"href":"https:\/\/modularkraft.com\/en\/wp-json\/wp\/v2\/users\/1"}],"replies":[{"embeddable":true,"href":"https:\/\/modularkraft.com\/en\/wp-json\/wp\/v2\/comments?post=20"}],"version-history":[{"count":2,"href":"https:\/\/modularkraft.com\/en\/wp-json\/wp\/v2\/pages\/20\/revisions"}],"predecessor-version":[{"id":583,"href":"https:\/\/modularkraft.com\/en\/wp-json\/wp\/v2\/pages\/20\/revisions\/583"}],"wp:attachment":[{"href":"https:\/\/modularkraft.com\/en\/wp-json\/wp\/v2\/media?parent=20"}],"curies":[{"name":"wp","href":"https:\/\/api.w.org\/{rel}","templated":true}]}}