{"id":17,"date":"2025-07-01T09:00:47","date_gmt":"2025-07-01T09:00:47","guid":{"rendered":"https:\/\/startersites.io\/blocksy\/modern-shop\/shop\/"},"modified":"2025-08-09T16:57:12","modified_gmt":"2025-08-09T14:57:12","slug":"nos_produits-2","status":"publish","type":"page","link":"https:\/\/modularkraft.com\/en\/nos_produits-2\/","title":{"rendered":"Nos produits"},"content":{"rendered":"","protected":false},"excerpt":{"rendered":"","protected":false},"author":1,"featured_media":0,"parent":0,"menu_order":0,"comment_status":"closed","ping_status":"closed","template":"","meta":{"footnotes":""},"class_list":["post-17","page","type-page","status-publish","hentry"],"blocksy_meta":[],"yoast_head":"<!-- This site is optimized with the Yoast SEO plugin v26.9 - https:\/\/yoast.com\/product\/yoast-seo-wordpress\/ -->\n<title>Nos produits - modularKraft<\/title>\n<meta name=\"robots\" content=\"index, follow, max-snippet:-1, max-image-preview:large, max-video-preview:-1\" \/>\n<link rel=\"canonical\" href=\"https:\/\/modularkraft.com\/en\/nos_produits-2\/\" \/>\n<meta property=\"og:locale\" content=\"en_US\" \/>\n<meta property=\"og:type\" content=\"article\" \/>\n<meta property=\"og:title\" content=\"Nos produits - modularKraft\" \/>\n<meta property=\"og:url\" content=\"https:\/\/modularkraft.com\/en\/nos_produits-2\/\" \/>\n<meta property=\"og:site_name\" content=\"modularKraft\" \/>\n<meta property=\"article:modified_time\" content=\"2025-08-09T14:57:12+00:00\" \/>\n<meta name=\"twitter:card\" content=\"summary_large_image\" \/>\n<script type=\"application\/ld+json\" class=\"yoast-schema-graph\">{\"@context\":\"https:\/\/schema.org\",\"@graph\":[{\"@type\":\"WebPage\",\"@id\":\"https:\/\/modularkraft.com\/nos_produits-2\/\",\"url\":\"https:\/\/modularkraft.com\/nos_produits-2\/\",\"name\":\"Nos produits - modularKraft\",\"isPartOf\":{\"@id\":\"https:\/\/modularkraft.com\/#website\"},\"datePublished\":\"2025-07-01T09:00:47+00:00\",\"dateModified\":\"2025-08-09T14:57:12+00:00\",\"breadcrumb\":{\"@id\":\"https:\/\/modularkraft.com\/nos_produits-2\/#breadcrumb\"},\"inLanguage\":\"en-US\",\"potentialAction\":[{\"@type\":\"ReadAction\",\"target\":[\"https:\/\/modularkraft.com\/nos_produits-2\/\"]}]},{\"@type\":\"BreadcrumbList\",\"@id\":\"https:\/\/modularkraft.com\/nos_produits-2\/#breadcrumb\",\"itemListElement\":[{\"@type\":\"ListItem\",\"position\":1,\"name\":\"Accueil\",\"item\":\"https:\/\/modularkraft.com\/\"},{\"@type\":\"ListItem\",\"position\":2,\"name\":\"Nos produits\"}]},{\"@type\":\"WebSite\",\"@id\":\"https:\/\/modularkraft.com\/#website\",\"url\":\"https:\/\/modularkraft.com\/\",\"name\":\"modularKraft\",\"description\":\"Fa\u00e7onner le son, lib\u00e9rer la cr\u00e9ativit\u00e9\",\"publisher\":{\"@id\":\"https:\/\/modularkraft.com\/#organization\"},\"potentialAction\":[{\"@type\":\"SearchAction\",\"target\":{\"@type\":\"EntryPoint\",\"urlTemplate\":\"https:\/\/modularkraft.com\/?s={search_term_string}\"},\"query-input\":{\"@type\":\"PropertyValueSpecification\",\"valueRequired\":true,\"valueName\":\"search_term_string\"}}],\"inLanguage\":\"en-US\"},{\"@type\":\"Organization\",\"@id\":\"https:\/\/modularkraft.com\/#organization\",\"name\":\"modularKraft\",\"url\":\"https:\/\/modularkraft.com\/\",\"logo\":{\"@type\":\"ImageObject\",\"inLanguage\":\"en-US\",\"@id\":\"https:\/\/modularkraft.com\/#\/schema\/logo\/image\/\",\"url\":\"https:\/\/modularkraft.com\/wp-content\/uploads\/2025\/10\/PP_Instagram_11.png\",\"contentUrl\":\"https:\/\/modularkraft.com\/wp-content\/uploads\/2025\/10\/PP_Instagram_11.png\",\"width\":400,\"height\":200,\"caption\":\"modularKraft\"},\"image\":{\"@id\":\"https:\/\/modularkraft.com\/#\/schema\/logo\/image\/\"}}]}<\/script>\n<!-- \/ Yoast SEO plugin. -->","yoast_head_json":{"title":"Nos produits - modularKraft","robots":{"index":"index","follow":"follow","max-snippet":"max-snippet:-1","max-image-preview":"max-image-preview:large","max-video-preview":"max-video-preview:-1"},"canonical":"https:\/\/modularkraft.com\/en\/nos_produits-2\/","og_locale":"en_US","og_type":"article","og_title":"Nos produits - modularKraft","og_url":"https:\/\/modularkraft.com\/en\/nos_produits-2\/","og_site_name":"modularKraft","article_modified_time":"2025-08-09T14:57:12+00:00","twitter_card":"summary_large_image","schema":{"@context":"https:\/\/schema.org","@graph":[{"@type":"WebPage","@id":"https:\/\/modularkraft.com\/nos_produits-2\/","url":"https:\/\/modularkraft.com\/nos_produits-2\/","name":"Nos produits - modularKraft","isPartOf":{"@id":"https:\/\/modularkraft.com\/#website"},"datePublished":"2025-07-01T09:00:47+00:00","dateModified":"2025-08-09T14:57:12+00:00","breadcrumb":{"@id":"https:\/\/modularkraft.com\/nos_produits-2\/#breadcrumb"},"inLanguage":"en-US","potentialAction":[{"@type":"ReadAction","target":["https:\/\/modularkraft.com\/nos_produits-2\/"]}]},{"@type":"BreadcrumbList","@id":"https:\/\/modularkraft.com\/nos_produits-2\/#breadcrumb","itemListElement":[{"@type":"ListItem","position":1,"name":"Accueil","item":"https:\/\/modularkraft.com\/"},{"@type":"ListItem","position":2,"name":"Nos produits"}]},{"@type":"WebSite","@id":"https:\/\/modularkraft.com\/#website","url":"https:\/\/modularkraft.com\/","name":"modularKraft","description":"Fa\u00e7onner le son, lib\u00e9rer la cr\u00e9ativit\u00e9","publisher":{"@id":"https:\/\/modularkraft.com\/#organization"},"potentialAction":[{"@type":"SearchAction","target":{"@type":"EntryPoint","urlTemplate":"https:\/\/modularkraft.com\/?s={search_term_string}"},"query-input":{"@type":"PropertyValueSpecification","valueRequired":true,"valueName":"search_term_string"}}],"inLanguage":"en-US"},{"@type":"Organization","@id":"https:\/\/modularkraft.com\/#organization","name":"modularKraft","url":"https:\/\/modularkraft.com\/","logo":{"@type":"ImageObject","inLanguage":"en-US","@id":"https:\/\/modularkraft.com\/#\/schema\/logo\/image\/","url":"https:\/\/modularkraft.com\/wp-content\/uploads\/2025\/10\/PP_Instagram_11.png","contentUrl":"https:\/\/modularkraft.com\/wp-content\/uploads\/2025\/10\/PP_Instagram_11.png","width":400,"height":200,"caption":"modularKraft"},"image":{"@id":"https:\/\/modularkraft.com\/#\/schema\/logo\/image\/"}}]}},"_links":{"self":[{"href":"https:\/\/modularkraft.com\/en\/wp-json\/wp\/v2\/pages\/17","targetHints":{"allow":["GET"]}}],"collection":[{"href":"https:\/\/modularkraft.com\/en\/wp-json\/wp\/v2\/pages"}],"about":[{"href":"https:\/\/modularkraft.com\/en\/wp-json\/wp\/v2\/types\/page"}],"author":[{"embeddable":true,"href":"https:\/\/modularkraft.com\/en\/wp-json\/wp\/v2\/users\/1"}],"replies":[{"embeddable":true,"href":"https:\/\/modularkraft.com\/en\/wp-json\/wp\/v2\/comments?post=17"}],"version-history":[{"count":6,"href":"https:\/\/modularkraft.com\/en\/wp-json\/wp\/v2\/pages\/17\/revisions"}],"predecessor-version":[{"id":892,"href":"https:\/\/modularkraft.com\/en\/wp-json\/wp\/v2\/pages\/17\/revisions\/892"}],"wp:attachment":[{"href":"https:\/\/modularkraft.com\/en\/wp-json\/wp\/v2\/media?parent=17"}],"curies":[{"name":"wp","href":"https:\/\/api.w.org\/{rel}","templated":true}]}}